{"id":690,"date":"2025-01-02T17:35:40","date_gmt":"2025-01-02T16:35:40","guid":{"rendered":"https:\/\/blog.tomasbrincil.cz\/?page_id=690"},"modified":"2025-06-20T11:13:42","modified_gmt":"2025-06-20T09:13:42","slug":"ham-kalendar","status":"publish","type":"page","link":"https:\/\/blog.tomasbrincil.cz\/?page_id=690","title":{"rendered":"HAM KALEND\u00c1\u0158"},"content":{"rendered":"\n<p>Kalend\u00e1\u0159 radioamat\u00e9rsk\u00fd z\u00e1vod\u016f, pov\u011bt\u0161inou z OK regionu.<\/p>\n\n\n\n<iframe loading=\"lazy\" src=\"https:\/\/calendar.google.com\/calendar\/embed?src=sgd27kuk7u1l9pcsgl3vk2cp8kglhjir%40import.calendar.google.com&#038;ctz=Europe%2FPrague\" style=\"border: 0\" width=\"800\" height=\"600\" frameborder=\"0\" scrolling=\"no\"><\/iframe>\n\nKalend\u00e1\u0159 mezin\u00e1rodn\u00edch z\u00e1vodu (IARU) https:\/\/www.contestcalendar.com\/index.php\n","protected":false},"excerpt":{"rendered":"<p>Kalend\u00e1\u0159 radioamat\u00e9rsk\u00fd z\u00e1vod\u016f, pov\u011bt\u0161inou z OK regionu. Kalend\u00e1\u0159 mezin\u00e1rodn\u00edch z\u00e1vodu (IARU) https:\/\/www.contestcalendar.com\/index.php<\/p>\n","protected":false},"author":1,"featured_media":0,"parent":0,"menu_order":0,"comment_status":"open","ping_status":"closed","template":"","meta":{"footnotes":""},"class_list":["post-690","page","type-page","status-publish","hentry"],"_links":{"self":[{"href":"https:\/\/blog.tomasbrincil.cz\/index.php?rest_route=\/wp\/v2\/pages\/690","targetHints":{"allow":["GET"]}}],"collection":[{"href":"https:\/\/blog.tomasbrincil.cz\/index.php?rest_route=\/wp\/v2\/pages"}],"about":[{"href":"https:\/\/blog.tomasbrincil.cz\/index.php?rest_route=\/wp\/v2\/types\/page"}],"author":[{"embeddable":true,"href":"https:\/\/blog.tomasbrincil.cz\/index.php?rest_route=\/wp\/v2\/users\/1"}],"replies":[{"embeddable":true,"href":"https:\/\/blog.tomasbrincil.cz\/index.php?rest_route=%2Fwp%2Fv2%2Fcomments&post=690"}],"version-history":[{"count":6,"href":"https:\/\/blog.tomasbrincil.cz\/index.php?rest_route=\/wp\/v2\/pages\/690\/revisions"}],"predecessor-version":[{"id":846,"href":"https:\/\/blog.tomasbrincil.cz\/index.php?rest_route=\/wp\/v2\/pages\/690\/revisions\/846"}],"wp:attachment":[{"href":"https:\/\/blog.tomasbrincil.cz\/index.php?rest_route=%2Fwp%2Fv2%2Fmedia&parent=690"}],"curies":[{"name":"wp","href":"https:\/\/api.w.org\/{rel}","templated":true}]}}